{"id":95,"date":"2023-04-24T15:34:30","date_gmt":"2023-04-24T13:34:30","guid":{"rendered":"https:\/\/alvialeristoranteagrado.com\/?page_id=95"},"modified":"2023-05-02T16:51:59","modified_gmt":"2023-05-02T14:51:59","slug":"home","status":"publish","type":"page","link":"https:\/\/alvialeristoranteagrado.com\/","title":{"rendered":"RISTORANTE &#038; PIZZERIA"},"content":{"rendered":"\n<hr class=\"wp-block-separator has-alpha-channel-opacity\"\/>\n\n\n\n<h3 class=\"wp-block-heading alignfull\"><em>I nostri valori<\/em><\/h3>\n\n\n\n<div class=\"wp-block-columns alignwide is-layout-flex wp-container-core-columns-is-layout-1 wp-block-columns-is-layout-flex\">\n<div class=\"wp-block-column is-layout-flow wp-block-column-is-layout-flow\">\n<hr class=\"wp-block-separator has-css-opacity is-style-wide\"\/>\n\n\n\n<h3 class=\"wp-block-heading has-x-large-font-size\" id=\"pigeon\"><em>Lavoro<\/em><\/h3>\n\n\n\n<p>La preparazione dei nostri piatti richiede tempo e dedizione. I nostri chef e cuochi lavorano duramente per offrirti la migliore esperienza culinaria possibile. Ogni ingrediente viene selezionato con cura per garantirne la freschezza e la qualit\u00e0. Ci impegniamo a servire piatti autentici e deliziosi, preparati con tecniche tradizionali e moderne.<\/p>\n<\/div>\n\n\n\n<div class=\"wp-block-column is-layout-flow wp-block-column-is-layout-flow\">\n<hr class=\"wp-block-separator has-css-opacity is-style-wide\"\/>\n\n\n\n<h3 class=\"wp-block-heading has-x-large-font-size\" id=\"sparrow\"><meta charset=\"utf-8\"><em>Qualit\u00e0 dei prodotti:<\/em><\/h3>\n\n\n\n<p>Nel nostro ristorante e pizzeria, la qualit\u00e0 dei nostri prodotti \u00e8 la nostra principale priorit\u00e0. Lavoriamo con fornitori locali per ottenere ingredienti freschi e di stagione e utilizziamo solo ingredienti di alta qualit\u00e0 in ogni piatto. Dalla nostra pasta per la pizza alle nostre salse e condimenti, ogni elemento viene selezionato con cura per offrirti un&#8217;esperienza culinaria eccezionale.<\/p>\n\n\n\n<div class=\"wp-block-buttons is-layout-flex wp-block-buttons-is-layout-flex\"><\/div>\n<\/div>\n\n\n\n<div class=\"wp-block-column is-layout-flow wp-block-column-is-layout-flow\">\n<hr class=\"wp-block-separator has-css-opacity is-style-wide\"\/>\n\n\n\n<h3 class=\"wp-block-heading has-x-large-font-size\" id=\"falcon\"><meta charset=\"utf-8\"><em>Come a casa<\/em><\/h3>\n\n\n\n<p>Nel nostro ristorante e pizzeria, siamo orgogliosi di offrire un&#8217;eccezionale esperienza culinaria familiare. Ti diamo il benvenuto nella nostra casa lontano da casa, dove i nostri piatti sono preparati con gli stessi ingredienti e le tecniche tradizionali che usiamo a casa. Vogliamo che ti senta come parte della nostra famiglia mentre gusti la nostra autentica e deliziosa cucina regionale. Con un ambiente accogliente e un servizio amichevole, ti garantiamo un&#8217;esperienza gastronomica memorabile nel nostro ristorante a Grado, Italia.<\/p>\n<\/div>\n<\/div>\n\n\n\n<hr class=\"wp-block-separator has-alpha-channel-opacity\"\/>\n\n\n\n<h3 class=\"wp-block-heading alignfull\"><strong>FRONTE SPIAGGIA (1\u00b0 ingresso G.I.T.)<\/strong><\/h3>\n\n\n\n<h3 class=\"wp-block-heading alignwide\"><strong>Il ristorante e predisposto con: giardino esterno, terasa esterna e sala interna con bagno per persone con disabilit\u00e0 .<\/strong><\/h3>\n\n\n\n<div class=\"wp-block-media-text alignwide is-stacked-on-mobile is-vertically-aligned-top\"><figure class=\"wp-block-media-text__media\"><a href=\"https:\/\/goo.gl\/maps\/kUwANQpDCAutnnWB9?coh=178572&amp;entry=tt\"><img loading=\"lazy\" decoding=\"async\" width=\"1024\" height=\"584\" src=\"https:\/\/alvialeristoranteagrado.com\/wp-content\/uploads\/2023\/04\/Maps-1024x584.png\" alt=\"\" class=\"wp-image-137 size-full\" srcset=\"https:\/\/alvialeristoranteagrado.com\/wp-content\/uploads\/2023\/04\/Maps-1024x584.png 1024w, https:\/\/alvialeristoranteagrado.com\/wp-content\/uploads\/2023\/04\/Maps-300x171.png 300w, https:\/\/alvialeristoranteagrado.com\/wp-content\/uploads\/2023\/04\/Maps-768x438.png 768w, https:\/\/alvialeristoranteagrado.com\/wp-content\/uploads\/2023\/04\/Maps.png 1463w\" sizes=\"(max-width: 1024px) 100vw, 1024px\" \/><\/a><\/figure><div class=\"wp-block-media-text__content\">\n<p class=\"has-text-align-left\">\u00abGoditi la nostra eccellente posizione a soli 30 metri dalla spiaggia di Grado mentre assaggi i nostri piatti genuini e deliziosi.\u00bb<br><br><em><a href=\"https:\/\/context.reverso.net\/traduzione\/italiano-spagnolo\/Clicca\">Clicca<\/a>&nbsp;sulla&nbsp;<a href=\"https:\/\/context.reverso.net\/traduzione\/italiano-spagnolo\/mappa\">mappa<\/a> per andare al MAPS<\/em><\/p>\n<\/div><\/div>\n\n\n\n<hr class=\"wp-block-separator has-alpha-channel-opacity\"\/>\n\n\n\n<h3 class=\"wp-block-heading alignfull\" id=\"tw-target-text\"><em>I nostri clienti<\/em><\/h3>\n\n\n\n<div class=\"wp-block-group is-layout-constrained wp-block-group-is-layout-constrained\">\n<blockquote class=\"wp-block-quote has-text-align-right is-layout-flow wp-block-quote-is-layout-flow\">\n<blockquote class=\"wp-block-quote is-layout-flow wp-block-quote-is-layout-flow\">\n<p class=\"has-text-align-left\"><em>\u00abBel locale, ristorante pizzeria in viale a Grado. Numerose proposte, specialit\u00e0 a base di pesce, fresco e ben cucinato. Ottimi gli spaghetti vongole con salicornia, buone le linguine con fasolari. Immancabile la pizza. Bravi e professionali i camerieri.\u00bb<\/em><\/p>\n<cite>bidabidabL6850BR <strong>on tripadvisor.es<\/strong><\/cite><\/blockquote>\n\n\n\n<blockquote class=\"wp-block-quote is-layout-flow wp-block-quote-is-layout-flow\">\n<p class=\"has-text-align-left\">\u00ab<em>Deliscious fish and pasta, pleasant location, excellent service. Also fine place for sitting with coffee and aperol. Would definitely recommend.<\/em>\u00ab<\/p>\n<cite>348yuliyat <strong><strong>on tripadvisor.es<\/strong><\/strong><\/cite><\/blockquote>\n<\/blockquote>\n<\/div>\n","protected":false},"excerpt":{"rendered":"<p>I nostri valori Lavoro La preparazione dei nostri piatti richiede tempo e dedizione. I nostri chef e cuochi lavorano duramente per offrirti la migliore esperienza culinaria possibile. Ogni ingrediente viene selezionato con cura per garantirne la freschezza e la qualit\u00e0. Ci impegniamo a servire piatti autentici e deliziosi, preparati con tecniche tradizionali e moderne. Qualit\u00e0 [&hellip;]<\/p>\n","protected":false},"author":1,"featured_media":159,"parent":0,"menu_order":0,"comment_status":"closed","ping_status":"closed","template":"","meta":{"footnotes":""},"_links":{"self":[{"href":"https:\/\/alvialeristoranteagrado.com\/index.php?rest_route=\/wp\/v2\/pages\/95"}],"collection":[{"href":"https:\/\/alvialeristoranteagrado.com\/index.php?rest_route=\/wp\/v2\/pages"}],"about":[{"href":"https:\/\/alvialeristoranteagrado.com\/index.php?rest_route=\/wp\/v2\/types\/page"}],"author":[{"embeddable":true,"href":"https:\/\/alvialeristoranteagrado.com\/index.php?rest_route=\/wp\/v2\/users\/1"}],"replies":[{"embeddable":true,"href":"https:\/\/alvialeristoranteagrado.com\/index.php?rest_route=%2Fwp%2Fv2%2Fcomments&post=95"}],"version-history":[{"count":36,"href":"https:\/\/alvialeristoranteagrado.com\/index.php?rest_route=\/wp\/v2\/pages\/95\/revisions"}],"predecessor-version":[{"id":317,"href":"https:\/\/alvialeristoranteagrado.com\/index.php?rest_route=\/wp\/v2\/pages\/95\/revisions\/317"}],"wp:featuredmedia":[{"embeddable":true,"href":"https:\/\/alvialeristoranteagrado.com\/index.php?rest_route=\/wp\/v2\/media\/159"}],"wp:attachment":[{"href":"https:\/\/alvialeristoranteagrado.com\/index.php?rest_route=%2Fwp%2Fv2%2Fmedia&parent=95"}],"curies":[{"name":"wp","href":"https:\/\/api.w.org\/{rel}","templated":true}]}}